{"id":1196,"date":"2025-06-17T18:54:19","date_gmt":"2025-06-17T18:54:19","guid":{"rendered":"https:\/\/trafficsolvers.nl\/?page_id=1196"},"modified":"2025-09-20T23:33:31","modified_gmt":"2025-09-20T23:33:31","slug":"projektleiter-fur-storende-kommunikation-in-der-region-nordost","status":"publish","type":"page","link":"https:\/\/trafficsolvers.nl\/de\/over\/vacatures\/projectleider-hindercommunicatie-regio-noordoost\/","title":{"rendered":"Projectleider Hindercommunicatie \u2013 Regio Noordoost"},"content":{"rendered":"<div data-elementor-type=\"wp-page\" data-elementor-id=\"1196\" class=\"elementor elementor-1196\" data-elementor-settings=\"{&quot;element_pack_global_tooltip_width&quot;:{&quot;unit&quot;:&quot;px&quot;,&quot;size&quot;:&quot;&quot;,&quot;sizes&quot;:[]},&quot;element_pack_global_tooltip_width_tablet&quot;:{&quot;unit&quot;:&quot;px&quot;,&quot;size&quot;:&quot;&quot;,&quot;sizes&quot;:[]},&quot;element_pack_global_tooltip_width_mobile&quot;:{&quot;unit&quot;:&quot;px&quot;,&quot;size&quot;:&quot;&quot;,&quot;sizes&quot;:[]},&quot;element_pack_global_tooltip_padding&quot;:{&quot;unit&quot;:&quot;px&quot;,&quot;top&quot;:&quot;&quot;,&quot;right&quot;:&quot;&quot;,&quot;bottom&quot;:&quot;&quot;,&quot;left&quot;:&quot;&quot;,&quot;isLinked&quot;:true},&quot;element_pack_global_tooltip_padding_tablet&quot;:{&quot;unit&quot;:&quot;px&quot;,&quot;top&quot;:&quot;&quot;,&quot;right&quot;:&quot;&quot;,&quot;bottom&quot;:&quot;&quot;,&quot;left&quot;:&quot;&quot;,&quot;isLinked&quot;:true},&quot;element_pack_global_tooltip_padding_mobile&quot;:{&quot;unit&quot;:&quot;px&quot;,&quot;top&quot;:&quot;&quot;,&quot;right&quot;:&quot;&quot;,&quot;bottom&quot;:&quot;&quot;,&quot;left&quot;:&quot;&quot;,&quot;isLinked&quot;:true},&quot;element_pack_global_tooltip_border_radius&quot;:{&quot;unit&quot;:&quot;px&quot;,&quot;top&quot;:&quot;&quot;,&quot;right&quot;:&quot;&quot;,&quot;bottom&quot;:&quot;&quot;,&quot;left&quot;:&quot;&quot;,&quot;isLinked&quot;:true},&quot;element_pack_global_tooltip_border_radius_tablet&quot;:{&quot;unit&quot;:&quot;px&quot;,&quot;top&quot;:&quot;&quot;,&quot;right&quot;:&quot;&quot;,&quot;bottom&quot;:&quot;&quot;,&quot;left&quot;:&quot;&quot;,&quot;isLinked&quot;:true},&quot;element_pack_global_tooltip_border_radius_mobile&quot;:{&quot;unit&quot;:&quot;px&quot;,&quot;top&quot;:&quot;&quot;,&quot;right&quot;:&quot;&quot;,&quot;bottom&quot;:&quot;&quot;,&quot;left&quot;:&quot;&quot;,&quot;isLinked&quot;:true}}\" data-elementor-post-type=\"page\">\n\t\t\t\t\t\t<div class=\"elementor-section elementor-top-section elementor-element elementor-element-29a34d4d elementor-section-full_width elementor-section-height-default elementor-section-height-default\" data-id=\"29a34d4d\" data-element_type=\"section\" data-e-type=\"section\" data-settings=\"{&quot;background_background&quot;:&quot;classic&quot;}\">\n\t\t\t\t\t\t<div class=\"elementor-container elementor-column-gap-no\">\n\t\t\t\t\t<div class=\"elementor-column elementor-col-100 elementor-top-column elementor-element elementor-element-4d7243fd\" data-id=\"4d7243fd\" data-element_type=\"column\" data-e-type=\"column\">\n\t\t\t<div class=\"elementor-widget-wrap\">\n\t\t\t\t\t\t\t<\/div>\n\t\t<\/div>\n\t\t\t\t\t<\/div>\n\t\t<\/div>\n\t\t\t\t<div class=\"elementor-section elementor-top-section elementor-element elementor-element-58c7eae0 elementor-section-boxed elementor-section-height-default elementor-section-height-default\" data-id=\"58c7eae0\" data-element_type=\"section\" data-e-type=\"section\" data-settings=\"{&quot;background_background&quot;:&quot;classic&quot;}\">\n\t\t\t\t\t\t<div class=\"elementor-container elementor-column-gap-default\">\n\t\t\t\t\t<div class=\"elementor-column elementor-col-100 elementor-top-column elementor-element elementor-element-6fff1dcc\" data-id=\"6fff1dcc\" data-element_type=\"column\" data-e-type=\"column\">\n\t\t\t<div class=\"elementor-widget-wrap elementor-element-populated\">\n\t\t\t\t\t\t<div class=\"elementor-element elementor-element-1deaa67c elementor-invisible elementor-widget elementor-widget-image\" data-id=\"1deaa67c\" data-element_type=\"widget\" data-e-type=\"widget\" data-settings=\"{&quot;_animation&quot;:&quot;zoomOut&quot;,&quot;_animation_delay&quot;:&quot;800&quot;}\" data-widget_type=\"image.default\">\n\t\t\t\t<div class=\"elementor-widget-container\">\n\t\t\t\t\t\t\t\t\t\t\t\t\t\t\t<img fetchpriority=\"high\" decoding=\"async\" width=\"282\" height=\"282\" src=\"https:\/\/trafficsolvers.nl\/wp-content\/uploads\/2025\/06\/Fawad-icoon-main-verkleind.png\" class=\"attachment-full size-full wp-image-614\" alt=\"\" srcset=\"https:\/\/trafficsolvers.nl\/wp-content\/uploads\/2025\/06\/Fawad-icoon-main-verkleind.png 282w, https:\/\/trafficsolvers.nl\/wp-content\/uploads\/2025\/06\/Fawad-icoon-main-verkleind-150x150.png 150w\" sizes=\"(max-width: 282px) 100vw, 282px\" \/>\t\t\t\t\t\t\t\t\t\t\t\t\t\t\t<\/div>\n\t\t\t\t<\/div>\n\t\t\t\t<div class=\"elementor-element elementor-element-5f6d44f5 elementor-invisible elementor-widget elementor-widget-heading\" data-id=\"5f6d44f5\" data-element_type=\"widget\" data-e-type=\"widget\" data-settings=\"{&quot;_animation&quot;:&quot;zoomOut&quot;,&quot;_animation_delay&quot;:&quot;850&quot;}\" data-widget_type=\"heading.default\">\n\t\t\t\t<div class=\"elementor-widget-container\">\n\t\t\t\t\t<h1 class=\"elementor-heading-title elementor-size-default\">Projektleiter f\u00fcr St\u00f6rungsmeldungen<\/h1>\t\t\t\t<\/div>\n\t\t\t\t<\/div>\n\t\t\t\t<div class=\"elementor-element elementor-element-92299e9 elementor-invisible elementor-widget elementor-widget-heading\" data-id=\"92299e9\" data-element_type=\"widget\" data-e-type=\"widget\" data-settings=\"{&quot;_animation&quot;:&quot;zoomOut&quot;,&quot;_animation_delay&quot;:&quot;850&quot;}\" data-widget_type=\"heading.default\">\n\t\t\t\t<div class=\"elementor-widget-container\">\n\t\t\t\t\t<h1 class=\"elementor-heading-title elementor-size-default\">Nordost-Region<\/h1>\t\t\t\t<\/div>\n\t\t\t\t<\/div>\n\t\t<div class=\"elementor-element elementor-element-1dfc246f e-flex e-con-boxed e-con e-parent\" data-id=\"1dfc246f\" data-element_type=\"container\" data-e-type=\"container\">\n\t\t\t\t\t<div class=\"e-con-inner\">\n\t\t\t\t<div class=\"elementor-element elementor-element-4862b5f0 elementor-widget__width-initial elementor-widget-mobile__width-inherit elementor-invisible elementor-widget elementor-widget-text-editor\" data-id=\"4862b5f0\" data-element_type=\"widget\" data-e-type=\"widget\" data-settings=\"{&quot;_animation&quot;:&quot;fadeInUp&quot;,&quot;_animation_delay&quot;:&quot;1000&quot;}\" data-widget_type=\"text-editor.default\">\n\t\t\t\t<div class=\"elementor-widget-container\">\n\t\t\t\t\t\t\t\t\t<p>Die digitale Baukommunikation wird immer wichtiger. Mit Traffic Solvers machen wir sie f\u00fcr jedes Projekt zug\u00e4nglich. Schnell, kosteng\u00fcnstig und effektiv. Als Nuisance Communication Project Leader sorgen Sie daf\u00fcr, dass Kunden in Ihrer Region die Plattform erfolgreich nutzen und bauen aktiv neue Beziehungen auf. Sie sind Berater, Botschafter und Ansprechpartner in einem f\u00fcr den Kunden.<\/p>\t\t\t\t\t\t\t\t<\/div>\n\t\t\t\t<\/div>\n\t\t\t\t\t<\/div>\n\t\t\t\t<\/div>\n\t\t\t\t\t<\/div>\n\t\t<\/div>\n\t\t\t\t\t<\/div>\n\t\t<\/div>\n\t\t<div class=\"elementor-element elementor-element-2df404b1 e-flex e-con-boxed e-con e-parent\" data-id=\"2df404b1\" data-element_type=\"container\" data-e-type=\"container\" data-settings=\"{&quot;background_background&quot;:&quot;classic&quot;}\">\n\t\t\t\t\t<div class=\"e-con-inner\">\n\t\t<div class=\"elementor-element elementor-element-6e08fec e-con-full e-flex e-con e-child\" data-id=\"6e08fec\" data-element_type=\"container\" data-e-type=\"container\">\n\t\t\t\t<div class=\"elementor-element elementor-element-7652500a elementor-invisible elementor-widget elementor-widget-n-accordion\" data-id=\"7652500a\" data-element_type=\"widget\" data-e-type=\"widget\" data-settings=\"{&quot;_animation&quot;:&quot;fadeInUp&quot;,&quot;_animation_delay&quot;:&quot;200&quot;,&quot;n_accordion_animation_duration&quot;:{&quot;unit&quot;:&quot;ms&quot;,&quot;size&quot;:200,&quot;sizes&quot;:[]},&quot;default_state&quot;:&quot;expanded&quot;,&quot;max_items_expended&quot;:&quot;one&quot;}\" data-widget_type=\"nested-accordion.default\">\n\t\t\t\t<div class=\"elementor-widget-container\">\n\t\t\t\t\t\t\t<div class=\"e-n-accordion\" aria-label=\"Akkordeon. \u00d6ffnen Sie Links mit Enter oder Space, schlie\u00dfen Sie sie mit Escape und navigieren Sie mit den Pfeiltasten.\">\n\t\t\t\t\t\t<details id=\"e-n-accordion-item-1980\" class=\"e-n-accordion-item\" open>\n\t\t\t\t<summary class=\"e-n-accordion-item-title\" data-accordion-index=\"1\" tabindex=\"0\" aria-expanded=\"true\" aria-controls=\"e-n-accordion-item-1980\" >\n\t\t\t\t\t<span class='e-n-accordion-item-title-header'><h4 class=\"e-n-accordion-item-title-text\"> Was Sie tun werden <\/h4><\/span>\n\t\t\t\t\t\t\t<span class='e-n-accordion-item-title-icon'>\n\t\t\t<span class='e-opened' ><i aria-hidden=\"true\" class=\"ti ti-minus\"><\/i><\/span>\n\t\t\t<span class='e-closed'><svg aria-hidden=\"true\" class=\"e-font-icon-svg e-fas-arrow-down\" viewbox=\"0 0 448 512\" xmlns=\"http:\/\/www.w3.org\/2000\/svg\"><path d=\"M413.1 222.5l22.2 22.2c9.4 9.4 9.4 24.6 0 33.9L241 473c-9.4 9.4-24.6 9.4-33.9 0L12.7 278.6c-9.4-9.4-9.4-24.6 0-33.9l22.2-22.2c9.5-9.5 25-9.3 34.3.4L184 343.4V56c0-13.3 10.7-24 24-24h32c13.3 0 24 10.7 24 24v287.4l114.8-120.5c9.3-9.8 24.8-10 34.3-.4z\"><\/path><\/svg><\/span>\n\t\t<\/span>\n\n\t\t\t\t\t\t<\/summary>\n\t\t\t\t<div role=\"region\" aria-labelledby=\"e-n-accordion-item-1980\" class=\"elementor-element elementor-element-75f8088b e-con-full e-flex e-con e-child\" data-id=\"75f8088b\" data-element_type=\"container\" data-e-type=\"container\" data-settings=\"{&quot;background_background&quot;:&quot;classic&quot;}\">\n\t\t\t\t<div class=\"elementor-element elementor-element-560016ad elementor-widget elementor-widget-text-editor\" data-id=\"560016ad\" data-element_type=\"widget\" data-e-type=\"widget\" data-widget_type=\"text-editor.default\">\n\t\t\t\t<div class=\"elementor-widget-container\">\n\t\t\t\t\t\t\t\t\t<p>Als Project Leader Nuisance Communication sind Sie der st\u00e4ndige Ansprechpartner f\u00fcr Kunden in Ihrer Region. Sie leiten neue Kunden bei der Nutzung der Plattform an, denken \u00fcber den intelligenten Einsatz pro Projekt nach und pflegen herzliche Beziehungen zu bestehenden Nutzern. Sie identifizieren auch neue M\u00f6glichkeiten in Ihrer Region: Wer kann von Bouwcommunicatie-as-a-Service profitieren, wei\u00df aber noch nichts davon? Sie wissen, wie Sie sie finden und \u00fcberzeugen k\u00f6nnen.<\/p><p>Sie m\u00fcssen die Kampagnen nicht selbst erstellen, die Kunden tun dies \u00fcber die Plattform. Sie sorgen daf\u00fcr, dass sie einen guten Start haben, Vertrauen in die Nutzung der Plattform gewinnen und immer wieder zur\u00fcckkommen.<\/p>\t\t\t\t\t\t\t\t<\/div>\n\t\t\t\t<\/div>\n\t\t\t\t<\/div>\n\t\t\t\t\t<\/details>\n\t\t\t\t\t\t<details id=\"e-n-accordion-item-1981\" class=\"e-n-accordion-item\" >\n\t\t\t\t<summary class=\"e-n-accordion-item-title\" data-accordion-index=\"2\" tabindex=\"-1\" aria-expanded=\"false\" aria-controls=\"e-n-accordion-item-1981\" >\n\t\t\t\t\t<span class='e-n-accordion-item-title-header'><h4 class=\"e-n-accordion-item-title-text\"> Ihr Profil <\/h4><\/span>\n\t\t\t\t\t\t\t<span class='e-n-accordion-item-title-icon'>\n\t\t\t<span class='e-opened' ><i aria-hidden=\"true\" class=\"ti ti-minus\"><\/i><\/span>\n\t\t\t<span class='e-closed'><svg aria-hidden=\"true\" class=\"e-font-icon-svg e-fas-arrow-down\" viewbox=\"0 0 448 512\" xmlns=\"http:\/\/www.w3.org\/2000\/svg\"><path d=\"M413.1 222.5l22.2 22.2c9.4 9.4 9.4 24.6 0 33.9L241 473c-9.4 9.4-24.6 9.4-33.9 0L12.7 278.6c-9.4-9.4-9.4-24.6 0-33.9l22.2-22.2c9.5-9.5 25-9.3 34.3.4L184 343.4V56c0-13.3 10.7-24 24-24h32c13.3 0 24 10.7 24 24v287.4l114.8-120.5c9.3-9.8 24.8-10 34.3-.4z\"><\/path><\/svg><\/span>\n\t\t<\/span>\n\n\t\t\t\t\t\t<\/summary>\n\t\t\t\t<div role=\"region\" aria-labelledby=\"e-n-accordion-item-1981\" class=\"elementor-element elementor-element-5dfb5ef7 e-con-full e-flex e-con e-child\" data-id=\"5dfb5ef7\" data-element_type=\"container\" data-e-type=\"container\">\n\t\t\t\t<div class=\"elementor-element elementor-element-6df4cfe9 elementor-widget elementor-widget-text-editor\" data-id=\"6df4cfe9\" data-element_type=\"widget\" data-e-type=\"widget\" data-widget_type=\"text-editor.default\">\n\t\t\t\t<div class=\"elementor-widget-container\">\n\t\t\t\t\t\t\t\t\t<ul><li>Sie kennen den Infrastruktur- oder Mobilit\u00e4tssektor in- und auswendig<\/li><li>Sie sind stark im Beziehungsmanagement und wissen, wie man Chancen in konkrete Leads umwandelt<\/li><li>Sie haben eine Affinit\u00e4t zur Digitalisierung und denken aus der Sicht des Nutzers<\/li><li>Sie arbeiten selbstst\u00e4ndig, strukturiert und \u00fcbernehmen Verantwortung<\/li><\/ul>\t\t\t\t\t\t\t\t<\/div>\n\t\t\t\t<\/div>\n\t\t\t\t<\/div>\n\t\t\t\t\t<\/details>\n\t\t\t\t\t\t<details id=\"e-n-accordion-item-1982\" class=\"e-n-accordion-item\" >\n\t\t\t\t<summary class=\"e-n-accordion-item-title\" data-accordion-index=\"3\" tabindex=\"-1\" aria-expanded=\"false\" aria-controls=\"e-n-accordion-item-1982\" >\n\t\t\t\t\t<span class='e-n-accordion-item-title-header'><h4 class=\"e-n-accordion-item-title-text\"> Was wir anbieten <\/h4><\/span>\n\t\t\t\t\t\t\t<span class='e-n-accordion-item-title-icon'>\n\t\t\t<span class='e-opened' ><i aria-hidden=\"true\" class=\"ti ti-minus\"><\/i><\/span>\n\t\t\t<span class='e-closed'><svg aria-hidden=\"true\" class=\"e-font-icon-svg e-fas-arrow-down\" viewbox=\"0 0 448 512\" xmlns=\"http:\/\/www.w3.org\/2000\/svg\"><path d=\"M413.1 222.5l22.2 22.2c9.4 9.4 9.4 24.6 0 33.9L241 473c-9.4 9.4-24.6 9.4-33.9 0L12.7 278.6c-9.4-9.4-9.4-24.6 0-33.9l22.2-22.2c9.5-9.5 25-9.3 34.3.4L184 343.4V56c0-13.3 10.7-24 24-24h32c13.3 0 24 10.7 24 24v287.4l114.8-120.5c9.3-9.8 24.8-10 34.3-.4z\"><\/path><\/svg><\/span>\n\t\t<\/span>\n\n\t\t\t\t\t\t<\/summary>\n\t\t\t\t<div role=\"region\" aria-labelledby=\"e-n-accordion-item-1982\" class=\"elementor-element elementor-element-35a3d4ae e-con-full e-flex e-con e-child\" data-id=\"35a3d4ae\" data-element_type=\"container\" data-e-type=\"container\">\n\t\t\t\t<div class=\"elementor-element elementor-element-2d7edced elementor-widget elementor-widget-text-editor\" data-id=\"2d7edced\" data-element_type=\"widget\" data-e-type=\"widget\" data-widget_type=\"text-editor.default\">\n\t\t\t\t<div class=\"elementor-widget-container\">\n\t\t\t\t\t\t\t\t\t<ul><li>Ein Gehalt zwischen 2.500 \u20ac und 5.000 \u20ac, je nach Erfahrung<\/li><li>Leihwagen oder Mobilit\u00e4tsbudget mit fester Anstellung<\/li><li>Flexible Arbeitszeiten und die Freiheit, Ihre Region nach Ihren Vorstellungen zu gestalten<\/li><li>Arbeit mit einer unverwechselbaren Plattform, die eine echte Wirkung erzielt<\/li><li>Ein Team, das f\u00fcr Sie da ist, ohne sirupartige Prozesse<\/li><\/ul>\t\t\t\t\t\t\t\t<\/div>\n\t\t\t\t<\/div>\n\t\t\t\t<\/div>\n\t\t\t\t\t<\/details>\n\t\t\t\t\t<\/div>\n\t\t\t\t\t\t<\/div>\n\t\t\t\t<\/div>\n\t\t\t\t<\/div>\n\t\t\t\t\t<\/div>\n\t\t\t\t<\/div>\n\t\t\t\t<section class=\"elementor-section elementor-top-section elementor-element elementor-element-f5c6c0b elementor-section-boxed elementor-section-height-default elementor-section-height-default\" data-id=\"f5c6c0b\" data-element_type=\"section\" data-e-type=\"section\">\n\t\t\t\t\t\t<div class=\"elementor-container elementor-column-gap-default\">\n\t\t\t\t\t<div class=\"elementor-column elementor-col-100 elementor-top-column elementor-element elementor-element-70df76da\" data-id=\"70df76da\" data-element_type=\"column\" data-e-type=\"column\">\n\t\t\t<div class=\"elementor-widget-wrap elementor-element-populated\">\n\t\t\t\t\t\t<div class=\"elementor-element elementor-element-4832e258 elementor-invisible elementor-widget elementor-widget-image\" data-id=\"4832e258\" data-element_type=\"widget\" data-e-type=\"widget\" data-settings=\"{&quot;_animation&quot;:&quot;fadeInUp&quot;,&quot;_animation_delay&quot;:&quot;200&quot;}\" data-widget_type=\"image.default\">\n\t\t\t\t<div class=\"elementor-widget-container\">\n\t\t\t\t\t\t\t\t\t\t\t\t\t\t\t<img decoding=\"async\" width=\"7785\" height=\"1077\" src=\"https:\/\/trafficsolvers.nl\/wp-content\/uploads\/2025\/01\/Traffic-Solvers-logo.png\" class=\"attachment-full size-full wp-image-205\" alt=\"\" srcset=\"https:\/\/trafficsolvers.nl\/wp-content\/uploads\/2025\/01\/Traffic-Solvers-logo.png 7785w, https:\/\/trafficsolvers.nl\/wp-content\/uploads\/2025\/01\/Traffic-Solvers-logo-300x42.png 300w, https:\/\/trafficsolvers.nl\/wp-content\/uploads\/2025\/01\/Traffic-Solvers-logo-1024x142.png 1024w, https:\/\/trafficsolvers.nl\/wp-content\/uploads\/2025\/01\/Traffic-Solvers-logo-768x106.png 768w, https:\/\/trafficsolvers.nl\/wp-content\/uploads\/2025\/01\/Traffic-Solvers-logo-1536x212.png 1536w, https:\/\/trafficsolvers.nl\/wp-content\/uploads\/2025\/01\/Traffic-Solvers-logo-2048x283.png 2048w, https:\/\/trafficsolvers.nl\/wp-content\/uploads\/2025\/01\/Traffic-Solvers-logo-650x90.png 650w\" sizes=\"(max-width: 7785px) 100vw, 7785px\" \/>\t\t\t\t\t\t\t\t\t\t\t\t\t\t\t<\/div>\n\t\t\t\t<\/div>\n\t\t\t\t<div class=\"elementor-element elementor-element-7ea34a36 elementor-invisible elementor-widget elementor-widget-heading\" data-id=\"7ea34a36\" data-element_type=\"widget\" data-e-type=\"widget\" data-settings=\"{&quot;_animation&quot;:&quot;fadeInUp&quot;,&quot;_animation_delay&quot;:&quot;250&quot;}\" data-widget_type=\"heading.default\">\n\t\t\t\t<div class=\"elementor-widget-container\">\n\t\t\t\t\t<h2 class=\"elementor-heading-title elementor-size-default\">Sie fragen sich, ob das zu Ihnen passt?<\/h2>\t\t\t\t<\/div>\n\t\t\t\t<\/div>\n\t\t\t\t<div class=\"elementor-element elementor-element-1646d674 elementor-widget__width-initial elementor-widget-mobile__width-inherit elementor-invisible elementor-widget elementor-widget-text-editor\" data-id=\"1646d674\" data-element_type=\"widget\" data-e-type=\"widget\" data-settings=\"{&quot;_animation&quot;:&quot;fadeInUp&quot;,&quot;_animation_delay&quot;:&quot;300&quot;}\" data-widget_type=\"text-editor.default\">\n\t\t\t\t<div class=\"elementor-widget-container\">\n\t\t\t\t\t\t\t\t\t<p>Kontakt zu Fawad-Khan Bahadur.<br \/>\ud83d\udce9 Mail: <a href=\"mailto:fawad@trafficsolvers.com\">fawad@trafficsolvers.com<\/a><br \/>\ud83d\udcde Anruf oder App: <a href=\"tel:0615678710\">06 1567 8710<\/a><\/p>\t\t\t\t\t\t\t\t<\/div>\n\t\t\t\t<\/div>\n\t\t\t\t<div class=\"elementor-element elementor-element-dd6e56c elementor-align-center elementor-widget__width-initial elementor-invisible elementor-widget elementor-widget-button\" data-id=\"dd6e56c\" data-element_type=\"widget\" data-e-type=\"widget\" data-settings=\"{&quot;_animation&quot;:&quot;fadeInUp&quot;,&quot;_animation_delay&quot;:&quot;350&quot;}\" data-widget_type=\"button.default\">\n\t\t\t\t<div class=\"elementor-widget-container\">\n\t\t\t\t\t\t\t\t\t<div class=\"elementor-button-wrapper\">\n\t\t\t\t\t<a class=\"elementor-button elementor-button-link elementor-size-sm elementor-animation-float\" href=\"https:\/\/api.whatsapp.com\/send\/?phone=31615678710&#038;text=Hoi,+ik+heb+een+vraag+over+een+vacature+bij+Traffic+Solvers\">\n\t\t\t\t\t\t<span class=\"elementor-button-content-wrapper\">\n\t\t\t\t\t\t\t\t\t<span class=\"elementor-button-text\">Eine WhatsApp senden<\/span>\n\t\t\t\t\t<\/span>\n\t\t\t\t\t<\/a>\n\t\t\t\t<\/div>\n\t\t\t\t\t\t\t\t<\/div>\n\t\t\t\t<\/div>\n\t\t\t\t\t<\/div>\n\t\t<\/div>\n\t\t\t\t\t<\/div>\n\t\t<\/section>\n\t\t\t\t<\/div>","protected":false},"excerpt":{"rendered":"<p>Projectleider Hindercommunicatie Regio Noordoost Digitale bouwcommunicatie wordt steeds belangrijker. Met Traffic Solvers maken we die toegankelijk voor \u00e9lk project. Snel, betaalbaar en [&hellip;]<\/p>\n","protected":false},"author":1,"featured_media":0,"parent":1180,"menu_order":0,"comment_status":"closed","ping_status":"closed","template":"","meta":{"content-type":"","footnotes":""},"class_list":["post-1196","page","type-page","status-publish","hentry"],"_links":{"self":[{"href":"https:\/\/trafficsolvers.nl\/de\/wp-json\/wp\/v2\/pages\/1196","targetHints":{"allow":["GET"]}}],"collection":[{"href":"https:\/\/trafficsolvers.nl\/de\/wp-json\/wp\/v2\/pages"}],"about":[{"href":"https:\/\/trafficsolvers.nl\/de\/wp-json\/wp\/v2\/types\/page"}],"author":[{"embeddable":true,"href":"https:\/\/trafficsolvers.nl\/de\/wp-json\/wp\/v2\/users\/1"}],"replies":[{"embeddable":true,"href":"https:\/\/trafficsolvers.nl\/de\/wp-json\/wp\/v2\/comments?post=1196"}],"version-history":[{"count":3,"href":"https:\/\/trafficsolvers.nl\/de\/wp-json\/wp\/v2\/pages\/1196\/revisions"}],"predecessor-version":[{"id":1704,"href":"https:\/\/trafficsolvers.nl\/de\/wp-json\/wp\/v2\/pages\/1196\/revisions\/1704"}],"up":[{"embeddable":true,"href":"https:\/\/trafficsolvers.nl\/de\/wp-json\/wp\/v2\/pages\/1180"}],"wp:attachment":[{"href":"https:\/\/trafficsolvers.nl\/de\/wp-json\/wp\/v2\/media?parent=1196"}],"curies":[{"name":"wp","href":"https:\/\/api.w.org\/{rel}","templated":true}]}}