{"id":2672,"date":"2025-12-16T14:39:53","date_gmt":"2025-12-16T13:39:53","guid":{"rendered":"https:\/\/trafficsolvers.nl\/?page_id=2672"},"modified":"2025-12-16T14:52:18","modified_gmt":"2025-12-16T13:52:18","slug":"datenschutz","status":"publish","type":"page","link":"https:\/\/trafficsolvers.nl\/de\/privacy\/","title":{"rendered":"Privacy"},"content":{"rendered":"<div data-elementor-type=\"wp-page\" data-elementor-id=\"2672\" class=\"elementor elementor-2672\" data-elementor-settings=\"{&quot;element_pack_global_tooltip_width&quot;:{&quot;unit&quot;:&quot;px&quot;,&quot;size&quot;:&quot;&quot;,&quot;sizes&quot;:[]},&quot;element_pack_global_tooltip_width_tablet&quot;:{&quot;unit&quot;:&quot;px&quot;,&quot;size&quot;:&quot;&quot;,&quot;sizes&quot;:[]},&quot;element_pack_global_tooltip_width_mobile&quot;:{&quot;unit&quot;:&quot;px&quot;,&quot;size&quot;:&quot;&quot;,&quot;sizes&quot;:[]},&quot;element_pack_global_tooltip_padding&quot;:{&quot;unit&quot;:&quot;px&quot;,&quot;top&quot;:&quot;&quot;,&quot;right&quot;:&quot;&quot;,&quot;bottom&quot;:&quot;&quot;,&quot;left&quot;:&quot;&quot;,&quot;isLinked&quot;:true},&quot;element_pack_global_tooltip_padding_tablet&quot;:{&quot;unit&quot;:&quot;px&quot;,&quot;top&quot;:&quot;&quot;,&quot;right&quot;:&quot;&quot;,&quot;bottom&quot;:&quot;&quot;,&quot;left&quot;:&quot;&quot;,&quot;isLinked&quot;:true},&quot;element_pack_global_tooltip_padding_mobile&quot;:{&quot;unit&quot;:&quot;px&quot;,&quot;top&quot;:&quot;&quot;,&quot;right&quot;:&quot;&quot;,&quot;bottom&quot;:&quot;&quot;,&quot;left&quot;:&quot;&quot;,&quot;isLinked&quot;:true},&quot;element_pack_global_tooltip_border_radius&quot;:{&quot;unit&quot;:&quot;px&quot;,&quot;top&quot;:&quot;&quot;,&quot;right&quot;:&quot;&quot;,&quot;bottom&quot;:&quot;&quot;,&quot;left&quot;:&quot;&quot;,&quot;isLinked&quot;:true},&quot;element_pack_global_tooltip_border_radius_tablet&quot;:{&quot;unit&quot;:&quot;px&quot;,&quot;top&quot;:&quot;&quot;,&quot;right&quot;:&quot;&quot;,&quot;bottom&quot;:&quot;&quot;,&quot;left&quot;:&quot;&quot;,&quot;isLinked&quot;:true},&quot;element_pack_global_tooltip_border_radius_mobile&quot;:{&quot;unit&quot;:&quot;px&quot;,&quot;top&quot;:&quot;&quot;,&quot;right&quot;:&quot;&quot;,&quot;bottom&quot;:&quot;&quot;,&quot;left&quot;:&quot;&quot;,&quot;isLinked&quot;:true}}\" data-elementor-post-type=\"page\">\n\t\t\t\t\t\t<div class=\"elementor-section elementor-top-section elementor-element elementor-element-317b3b31 elementor-section-full_width elementor-section-height-default elementor-section-height-default\" data-id=\"317b3b31\" data-element_type=\"section\" data-e-type=\"section\" data-settings=\"{&quot;background_background&quot;:&quot;classic&quot;}\">\n\t\t\t\t\t\t<div class=\"elementor-container elementor-column-gap-no\">\n\t\t\t\t\t<div class=\"elementor-column elementor-col-100 elementor-top-column elementor-element elementor-element-8c95f89 ui-col-align-left\" data-id=\"8c95f89\" data-element_type=\"column\" data-e-type=\"column\">\n\t\t\t<div class=\"elementor-widget-wrap elementor-element-populated\">\n\t\t\t\t\t\t<div class=\"elementor-element elementor-element-4da8a8a1 animated-fast elementor-invisible elementor-widget elementor-widget-heading\" data-id=\"4da8a8a1\" data-element_type=\"widget\" data-e-type=\"widget\" data-settings=\"{&quot;_animation&quot;:&quot;fadeInLeft&quot;,&quot;_animation_delay&quot;:450}\" data-widget_type=\"heading.default\">\n\t\t\t\t<div class=\"elementor-widget-container\">\n\t\t\t\t\t<h1 class=\"elementor-heading-title elementor-size-default\">Erkl\u00e4rung zum Datenschutz<\/h1>\t\t\t\t<\/div>\n\t\t\t\t<\/div>\n\t\t\t\t<div class=\"elementor-element elementor-element-2915756b elementor-widget elementor-widget-spacer\" data-id=\"2915756b\" data-element_type=\"widget\" data-e-type=\"widget\" data-widget_type=\"spacer.default\">\n\t\t\t\t<div class=\"elementor-widget-container\">\n\t\t\t\t\t\t\t<div class=\"elementor-spacer\">\n\t\t\t<div class=\"elementor-spacer-inner\"><\/div>\n\t\t<\/div>\n\t\t\t\t\t\t<\/div>\n\t\t\t\t<\/div>\n\t\t\t\t\t<\/div>\n\t\t<\/div>\n\t\t\t\t\t<\/div>\n\t\t<\/div>\n\t\t<div class=\"elementor-element elementor-element-e5cd0e9 e-flex e-con-boxed e-con e-parent\" data-id=\"e5cd0e9\" data-element_type=\"container\" data-e-type=\"container\">\n\t\t\t\t\t<div class=\"e-con-inner\">\n\t\t\t\t<div class=\"elementor-element elementor-element-ca2d42c elementor-widget elementor-widget-text-editor\" data-id=\"ca2d42c\" data-element_type=\"widget\" data-e-type=\"widget\" data-widget_type=\"text-editor.default\">\n\t\t\t\t<div class=\"elementor-widget-container\">\n\t\t\t\t\t\t\t\t\t<p><b>Verkehrsl\u00f6ser<\/b>, mit Sitz in der Paxtonstraat 1C, 8013RP in Zwolle, ist verantwortlich f\u00fcr die Verarbeitung personenbezogener Daten, wie sie in dieser Erkl\u00e4rung zum Datenschutz und zu Cookies beschrieben sind.<\/p>\n<p><b>Von uns verarbeitete personenbezogene Daten <\/b><b><\/b><\/p>\n<p>Traffic Solvers verarbeitet Ihre personenbezogenen Daten, weil Sie unsere Dienste nutzen und\/oder weil Sie uns diese Daten selbst zur Verf\u00fcgung stellen. Im Folgenden finden Sie einen \u00dcberblick \u00fcber die personenbezogenen Daten, die wir verarbeiten:<\/p>\n<ul>\n<li>Vorname und Nachname<\/li>\n<li>Rufnummer<\/li>\n<li>E-Mail Adresse<\/li>\n<li>Andere personenbezogene Daten, die Sie uns aktiv zur Verf\u00fcgung stellen, z. B. durch die Erstellung eines Profils auf unserer Website, im Schriftverkehr oder per Telefon<\/li>\n<li>Daten \u00fcber Ihre Aktivit\u00e4ten auf unserer Website<\/li>\n<\/ul>\n<p><b>Besondere und\/oder sensible personenbezogene Daten, die wir verarbeiten <\/b><b><\/b><\/p>\n<p>Unsere Website und\/oder Dienste haben nicht die Absicht, Daten von Website-Besuchern unter 16 Jahren zu sammeln, es sei denn, sie haben die Erlaubnis eines Elternteils oder Erziehungsberechtigten. Wir k\u00f6nnen jedoch nicht \u00fcberpr\u00fcfen, ob ein Besucher \u00e4lter als 16 Jahre ist. Daher raten wir den Eltern, sich an den Online-Aktivit\u00e4ten ihrer Kinder zu beteiligen, um zu vermeiden, dass ohne elterliche Zustimmung Daten \u00fcber Kinder gesammelt werden.<\/p>\n<p>Wenn Sie den Verdacht haben, dass wir ohne Zustimmung personenbezogene Daten \u00fcber einen Minderj\u00e4hrigen gesammelt haben, wenden Sie sich bitte an uns <a href=\"mailto:info@trafficsolvers.nl\"><b>info@trafficsolvers.nl<\/b><\/a>. Wir werden diese Informationen sofort l\u00f6schen.<\/p>\n<p><b>Zu welchem Zweck und auf welcher Grundlage wir personenbezogene Daten verarbeiten <\/b><b><\/b><\/p>\n<p>Traffic Solvers verarbeitet Ihre pers\u00f6nlichen Daten f\u00fcr die folgenden Zwecke:<\/p>\n<ol>\n<li>Erf\u00fcllung einer Vereinbarung, wie z. B. die Bereitstellung und Verwaltung des Zugangs zu unseren Diensten.<\/li>\n<li>Erf\u00fcllung rechtlicher Verpflichtungen, zum Beispiel in den Bereichen Finanzen, Steuern oder Risikomanagement.<\/li>\n<li>Verwaltung unserer Beziehungen zu Gesch\u00e4ftspartnern und Kunden.<\/li>\n<li>Versendung von Marketingmitteilungen, nur mit Ihrer ausdr\u00fccklichen Zustimmung.<\/li>\n<li>Analyse Ihrer Aktivit\u00e4ten auf unserer Website zur Verbesserung der Benutzerfreundlichkeit.<\/li>\n<\/ol>\n<table cellspacing=\"0\" cellpadding=\"0\">\n<tbody>\n<tr>\n<td valign=\"top\">\n<p><b>Rechtsgrundlage <\/b><b><\/b><\/p>\n<\/td>\n<td valign=\"top\">\n<p><b>Beispiele f\u00fcr die Verarbeitung <\/b><b><\/b><\/p>\n<\/td>\n<\/tr>\n<tr>\n<td valign=\"top\">\n<p><b>Vereinbarung <\/b><b><\/b><\/p>\n<\/td>\n<td valign=\"top\">\n<p>Verwaltung unserer Beziehungen zu Kunden und Partnern, Zugang zu Dienstleistungen.<\/p>\n<\/td>\n<\/tr>\n<\/tbody>\n<\/table>\n<p class=\"p1\"><b>Wie lange wir personenbezogene Daten aufbewahren <\/b><b><\/b><\/p>\n<p class=\"p1\">Traffic Solvers speichert Ihre pers\u00f6nlichen Daten nicht l\u00e4nger als unbedingt notwendig, um die Zwecke zu erf\u00fcllen, f\u00fcr die Ihre Daten erhoben wurden. Sobald die Daten nicht mehr ben\u00f6tigt werden, werden sie sicher gel\u00f6scht oder anonymisiert.<\/p>\n<p class=\"p1\">Wir haben eine Aufbewahrungspolitik, die den gesetzlichen Anforderungen entspricht. Haben Sie Fragen zu unseren Aufbewahrungsfristen? Dann kontaktieren Sie uns bitte \u00fcber <span class=\"s1\"><b><a href=\"mailto:info@trafficsolvers.nl\">info@trafficsolvers.nl<\/a><\/b><\/span>.<\/p>\n<p class=\"p1\"><b>Weitergabe personenbezogener Daten an Dritte <\/b><b><\/b><\/p>\n<p class=\"p1\">Traffic Solvers gibt Ihre pers\u00f6nlichen Daten nur dann an Dritte weiter, wenn dies erforderlich ist:<\/p>\n<ol class=\"ol1\">\n<li class=\"li1\">1. F\u00fcr die Erf\u00fcllung eines Vertrages.<\/li>\n<li class=\"li1\">2. Um einer gesetzlichen Verpflichtung nachzukommen.<\/li>\n<li class=\"li1\">3. Zu Analyse- oder Marketingzwecken, sofern Sie Ihre Zustimmung gegeben haben.<\/li>\n<\/ol>\n<p class=\"p1\">Wir schlie\u00dfen mit den Unternehmen, die Ihre Daten in unserem Auftrag verarbeiten, einen Verarbeitungsvertrag ab, um sicherzustellen, dass sie Ihre Daten mit Sorgfalt behandeln. Traffic Solvers bleibt f\u00fcr diese Verarbeitung verantwortlich.<\/p>\n<p class=\"p1\"><b>Cookies oder \u00e4hnliche Techniken, die wir verwenden <\/b><b><\/b><\/p>\n<p class=\"p1\">Traffic Solvers verwendet funktionale, analytische und Tracking-Cookies, um die Website optimal zu gestalten und um sich Ihre Pr\u00e4ferenzen zu merken. Bei Ihrem ersten Besuch auf unserer Website informieren wir Sie \u00fcber Cookies und bitten Sie um Ihre Erlaubnis, diese zu setzen.<\/p>\n<p class=\"p1\"><b>Sie k\u00f6nnen Cookies \u00fcber Ihre Browsereinstellungen verwalten oder deaktivieren. <\/b><b><\/b><\/p>\n<p class=\"p1\">Auf dieser Website k\u00f6nnen auch Cookies von Dritten gesetzt werden, wie z. B.:<\/p>\n<ul class=\"ul1\">\n<li class=\"li1\"><b>Google-Anzeigen<\/b>: Wird verwendet, um Besucher mit relevanten Anzeigen anzusprechen.<\/li>\n<li class=\"li1\"><b>HubSpot<\/b>F\u00fcr die Verfolgung von Website-Besuchen und die Verwaltung von Marketing-Aktivit\u00e4ten.<\/li>\n<\/ul>\n<p class=\"p3\"><span class=\"s2\">F\u00fcr weitere Informationen siehe: <\/span><a href=\"https:\/\/veiliginternetten.nl\/themes\/situatie\/cookies-wat-zijn-het-en-wat-doe-ik-ermee\">https:\/\/veiliginternetten.nl\/themes\/situatie\/cookies-wat-zijn-het-en-wat-doe-ik-ermee<\/a><\/p>\n<p class=\"p1\"><b>Daten ansehen, \u00e4ndern oder l\u00f6schen <\/b><b><\/b><\/p>\n<p class=\"p1\">Sie haben das Recht dazu:<\/p>\n<ol class=\"ol1\">\n<li class=\"li1\">1. \u00dcberpr\u00fcfen, korrigieren oder l\u00f6schen Sie Ihre personenbezogenen Daten.<\/li>\n<li class=\"li1\">2. Widerruf der Zustimmung zur Datenverarbeitung.<\/li>\n<li class=\"li1\">3. Widerspruch gegen die Verarbeitung Ihrer personenbezogenen Daten.<\/li>\n<li class=\"li1\">4. Stellen Sie einen Antrag auf Daten\u00fcbertragbarkeit.<\/li>\n<\/ol>\n<p>Senden Sie Ihre Anfrage an <a href=\"mailto:info@trafficsolvers.nl\"><span class=\"s1\"><b>info@trafficsolvers.nl<\/b><\/span><\/a>. Wir bitten Sie, eine Kopie Ihres Ausweises zur \u00dcberpr\u00fcfung einzusenden. Bitte schw\u00e4rzen Sie in dieser Kopie Ihr Passfoto, die MRZ (maschinenlesbare Zone), die Passnummer und die BSN, um Ihre Privatsph\u00e4re zu sch\u00fctzen.<\/p>\n<p class=\"p3\">Wir antworten innerhalb von <b>vier Wochen <\/b>auf Ihren Antrag. Dar\u00fcber hinaus haben Sie das Recht, eine Beschwerde bei der Beh\u00f6rde f\u00fcr personenbezogene Daten einzureichen, und zwar \u00fcber diese <a href=\"https:\/\/autoriteitpersoonsgegevens.nl\/een-tip-of-klacht-indienen-bij-de-ap\">Link<\/a>.<\/p>\n<p class=\"p3\"><b>Wie wir personenbezogene Daten sch\u00fctzen <\/b><b><\/b><\/p>\n<p class=\"p3\">Traffic Solvers nimmt den Schutz Ihrer Daten ernst. Wir treffen geeignete technische und organisatorische Ma\u00dfnahmen, um Missbrauch, Verlust, unbefugtem Zugriff und unbefugter Offenlegung entgegenzuwirken.<\/p>\n<p class=\"p3\">Glauben Sie, dass Ihre Daten nicht richtig gesichert sind? Wenn ja, kontaktieren Sie uns bitte \u00fcber <a href=\"mailto:info@trafficsolvers.nl\"><span class=\"s1\"><b>info@trafficsolvers.nl<\/b><\/span><\/a>.<\/p>\n<p class=\"p3\"><b>Kontaktangaben <\/b><b><\/b><\/p>\n<p class=\"p3\">Verkehrsl\u00f6ser<br>Paxtonstraat 1C, 8013 RP, Zwolle<br>E-Mail: <a href=\"mailto:info@trafficsolvers.nl\">info@trafficsolvers.nl<\/a><\/p>\t\t\t\t\t\t\t\t<\/div>\n\t\t\t\t<\/div>\n\t\t\t\t\t<\/div>\n\t\t\t\t<\/div>\n\t\t\t\t<\/div>","protected":false},"excerpt":{"rendered":"<p>Privacyverklaring Traffic Solvers, gevestigd aan Paxtonstraat 1C, 8013RP te Zwolle, is verantwoordelijk voor de verwerking van persoonsgegevens zoals weergegeven in deze privacy- [&hellip;]<\/p>\n","protected":false},"author":1,"featured_media":0,"parent":0,"menu_order":0,"comment_status":"closed","ping_status":"closed","template":"","meta":{"content-type":"","footnotes":""},"class_list":["post-2672","page","type-page","status-publish","hentry"],"_links":{"self":[{"href":"https:\/\/trafficsolvers.nl\/de\/wp-json\/wp\/v2\/pages\/2672","targetHints":{"allow":["GET"]}}],"collection":[{"href":"https:\/\/trafficsolvers.nl\/de\/wp-json\/wp\/v2\/pages"}],"about":[{"href":"https:\/\/trafficsolvers.nl\/de\/wp-json\/wp\/v2\/types\/page"}],"author":[{"embeddable":true,"href":"https:\/\/trafficsolvers.nl\/de\/wp-json\/wp\/v2\/users\/1"}],"replies":[{"embeddable":true,"href":"https:\/\/trafficsolvers.nl\/de\/wp-json\/wp\/v2\/comments?post=2672"}],"version-history":[{"count":11,"href":"https:\/\/trafficsolvers.nl\/de\/wp-json\/wp\/v2\/pages\/2672\/revisions"}],"predecessor-version":[{"id":2685,"href":"https:\/\/trafficsolvers.nl\/de\/wp-json\/wp\/v2\/pages\/2672\/revisions\/2685"}],"wp:attachment":[{"href":"https:\/\/trafficsolvers.nl\/de\/wp-json\/wp\/v2\/media?parent=2672"}],"curies":[{"name":"wp","href":"https:\/\/api.w.org\/{rel}","templated":true}]}}