{"id":3129,"date":"2026-03-27T12:58:25","date_gmt":"2026-03-27T11:58:25","guid":{"rendered":"https:\/\/trafficsolvers.nl\/?page_id=3129"},"modified":"2026-03-28T19:20:01","modified_gmt":"2026-03-28T18:20:01","slug":"high-ticket-closer","status":"publish","type":"page","link":"https:\/\/trafficsolvers.nl\/de\/over\/vacatures\/high-ticket-closer\/","title":{"rendered":"High Ticket Closer (extern)"},"content":{"rendered":"<div data-elementor-type=\"wp-page\" data-elementor-id=\"3129\" class=\"elementor elementor-3129\" data-elementor-settings=\"{&quot;element_pack_global_tooltip_width&quot;:{&quot;unit&quot;:&quot;px&quot;,&quot;size&quot;:&quot;&quot;,&quot;sizes&quot;:[]},&quot;element_pack_global_tooltip_width_tablet&quot;:{&quot;unit&quot;:&quot;px&quot;,&quot;size&quot;:&quot;&quot;,&quot;sizes&quot;:[]},&quot;element_pack_global_tooltip_width_mobile&quot;:{&quot;unit&quot;:&quot;px&quot;,&quot;size&quot;:&quot;&quot;,&quot;sizes&quot;:[]},&quot;element_pack_global_tooltip_padding&quot;:{&quot;unit&quot;:&quot;px&quot;,&quot;top&quot;:&quot;&quot;,&quot;right&quot;:&quot;&quot;,&quot;bottom&quot;:&quot;&quot;,&quot;left&quot;:&quot;&quot;,&quot;isLinked&quot;:true},&quot;element_pack_global_tooltip_padding_tablet&quot;:{&quot;unit&quot;:&quot;px&quot;,&quot;top&quot;:&quot;&quot;,&quot;right&quot;:&quot;&quot;,&quot;bottom&quot;:&quot;&quot;,&quot;left&quot;:&quot;&quot;,&quot;isLinked&quot;:true},&quot;element_pack_global_tooltip_padding_mobile&quot;:{&quot;unit&quot;:&quot;px&quot;,&quot;top&quot;:&quot;&quot;,&quot;right&quot;:&quot;&quot;,&quot;bottom&quot;:&quot;&quot;,&quot;left&quot;:&quot;&quot;,&quot;isLinked&quot;:true},&quot;element_pack_global_tooltip_border_radius&quot;:{&quot;unit&quot;:&quot;px&quot;,&quot;top&quot;:&quot;&quot;,&quot;right&quot;:&quot;&quot;,&quot;bottom&quot;:&quot;&quot;,&quot;left&quot;:&quot;&quot;,&quot;isLinked&quot;:true},&quot;element_pack_global_tooltip_border_radius_tablet&quot;:{&quot;unit&quot;:&quot;px&quot;,&quot;top&quot;:&quot;&quot;,&quot;right&quot;:&quot;&quot;,&quot;bottom&quot;:&quot;&quot;,&quot;left&quot;:&quot;&quot;,&quot;isLinked&quot;:true},&quot;element_pack_global_tooltip_border_radius_mobile&quot;:{&quot;unit&quot;:&quot;px&quot;,&quot;top&quot;:&quot;&quot;,&quot;right&quot;:&quot;&quot;,&quot;bottom&quot;:&quot;&quot;,&quot;left&quot;:&quot;&quot;,&quot;isLinked&quot;:true}}\" data-elementor-post-type=\"page\">\n\t\t\t\t\t\t<div class=\"elementor-section elementor-top-section elementor-element elementor-element-5b7f037 elementor-section-full_width elementor-section-height-default elementor-section-height-default\" data-id=\"5b7f037\" data-element_type=\"section\" data-e-type=\"section\" data-settings=\"{&quot;background_background&quot;:&quot;classic&quot;}\">\n\t\t\t\t\t\t<div class=\"elementor-container elementor-column-gap-no\">\n\t\t\t\t\t<div class=\"elementor-column elementor-col-100 elementor-top-column elementor-element elementor-element-c8121a3\" data-id=\"c8121a3\" data-element_type=\"column\" data-e-type=\"column\">\n\t\t\t<div class=\"elementor-widget-wrap\">\n\t\t\t\t\t\t\t<\/div>\n\t\t<\/div>\n\t\t\t\t\t<\/div>\n\t\t<\/div>\n\t\t\t\t<div class=\"elementor-section elementor-top-section elementor-element elementor-element-8bd01b9 elementor-section-boxed elementor-section-height-default elementor-section-height-default\" data-id=\"8bd01b9\" data-element_type=\"section\" data-e-type=\"section\" data-settings=\"{&quot;background_background&quot;:&quot;classic&quot;}\">\n\t\t\t\t\t\t<div class=\"elementor-container elementor-column-gap-default\">\n\t\t\t\t\t<div class=\"elementor-column elementor-col-100 elementor-top-column elementor-element elementor-element-a125478\" data-id=\"a125478\" data-element_type=\"column\" data-e-type=\"column\">\n\t\t\t<div class=\"elementor-widget-wrap elementor-element-populated\">\n\t\t\t\t\t\t<div class=\"elementor-element elementor-element-190db9f elementor-invisible elementor-widget elementor-widget-image\" data-id=\"190db9f\" data-element_type=\"widget\" data-e-type=\"widget\" data-settings=\"{&quot;_animation&quot;:&quot;zoomOut&quot;,&quot;_animation_delay&quot;:&quot;800&quot;}\" data-widget_type=\"image.default\">\n\t\t\t\t<div class=\"elementor-widget-container\">\n\t\t\t\t\t\t\t\t\t\t\t\t\t\t\t<img fetchpriority=\"high\" decoding=\"async\" width=\"282\" height=\"282\" src=\"https:\/\/trafficsolvers.nl\/wp-content\/uploads\/2025\/06\/Fawad-icoon-main-verkleind.png\" class=\"attachment-full size-full wp-image-614\" alt=\"\" srcset=\"https:\/\/trafficsolvers.nl\/wp-content\/uploads\/2025\/06\/Fawad-icoon-main-verkleind.png 282w, https:\/\/trafficsolvers.nl\/wp-content\/uploads\/2025\/06\/Fawad-icoon-main-verkleind-150x150.png 150w\" sizes=\"(max-width: 282px) 100vw, 282px\" \/>\t\t\t\t\t\t\t\t\t\t\t\t\t\t\t<\/div>\n\t\t\t\t<\/div>\n\t\t\t\t<div class=\"elementor-element elementor-element-f561f1a elementor-invisible elementor-widget elementor-widget-heading\" data-id=\"f561f1a\" data-element_type=\"widget\" data-e-type=\"widget\" data-settings=\"{&quot;_animation&quot;:&quot;zoomOut&quot;,&quot;_animation_delay&quot;:&quot;850&quot;}\" data-widget_type=\"heading.default\">\n\t\t\t\t<div class=\"elementor-widget-container\">\n\t\t\t\t\t<h1 class=\"elementor-heading-title elementor-size-default\">Hochpreisiger Closer<\/h1>\t\t\t\t<\/div>\n\t\t\t\t<\/div>\n\t\t\t\t<div class=\"elementor-element elementor-element-96ed5b7 elementor-invisible elementor-widget elementor-widget-heading\" data-id=\"96ed5b7\" data-element_type=\"widget\" data-e-type=\"widget\" data-settings=\"{&quot;_animation&quot;:&quot;zoomOut&quot;,&quot;_animation_delay&quot;:&quot;850&quot;}\" data-widget_type=\"heading.default\">\n\t\t\t\t<div class=\"elementor-widget-container\">\n\t\t\t\t\t<h1 class=\"elementor-heading-title elementor-size-default\">Niederlande \/ Fernbedienung<\/h1>\t\t\t\t<\/div>\n\t\t\t\t<\/div>\n\t\t<div class=\"elementor-element elementor-element-94036a5 e-flex e-con-boxed e-con e-parent\" data-id=\"94036a5\" data-element_type=\"container\" data-e-type=\"container\">\n\t\t\t\t\t<div class=\"e-con-inner\">\n\t\t\t\t<div class=\"elementor-element elementor-element-3d47697 elementor-widget__width-initial elementor-widget-mobile__width-inherit elementor-invisible elementor-widget elementor-widget-text-editor\" data-id=\"3d47697\" data-element_type=\"widget\" data-e-type=\"widget\" data-settings=\"{&quot;_animation&quot;:&quot;fadeInUp&quot;,&quot;_animation_delay&quot;:&quot;1000&quot;}\" data-widget_type=\"text-editor.default\">\n\t\t\t\t<div class=\"elementor-widget-container\">\n\t\t\t\t\t\t\t\t\t<p data-start=\"378\" data-end=\"880\">Mit unserer BaaS-Plattform k\u00f6nnen Organisationen innerhalb von Minuten eigene digitale Kampagnen f\u00fcr T\u00e4tigkeiten und Mobilit\u00e4t live stellen. Wir sind in einem starken Netzwerk t\u00e4tig, wollen aber beschleunigt <strong>neue M\u00e4rkte und Kunden<\/strong> boor aan. Deshalb suchen wir einen erfahrenen High Ticket Closer, der <strong>selbstst\u00e4ndig Chancen schafft<\/strong> und diese <strong>Umsatz in konkreten Gesch\u00e4ften<\/strong>. Du sitzt an der Spitze des Prozesses. Sobald der Deal abgeschlossen ist, \u00fcbernehmen wir.<br \/>Dein Fokus ist einfach: <strong>neue Kunden gewinnen und Abschl\u00fcsse t\u00e4tigen.<\/strong><\/p>\t\t\t\t\t\t\t\t<\/div>\n\t\t\t\t<\/div>\n\t\t\t\t\t<\/div>\n\t\t\t\t<\/div>\n\t\t\t\t\t<\/div>\n\t\t<\/div>\n\t\t\t\t\t<\/div>\n\t\t<\/div>\n\t\t<div class=\"elementor-element elementor-element-7bcdd14 e-flex e-con-boxed e-con e-parent\" data-id=\"7bcdd14\" data-element_type=\"container\" data-e-type=\"container\" data-settings=\"{&quot;background_background&quot;:&quot;classic&quot;}\">\n\t\t\t\t\t<div class=\"e-con-inner\">\n\t\t<div class=\"elementor-element elementor-element-3b21050 e-con-full e-flex e-con e-child\" data-id=\"3b21050\" data-element_type=\"container\" data-e-type=\"container\">\n\t\t\t\t<div class=\"elementor-element elementor-element-e3eabdc elementor-invisible elementor-widget elementor-widget-n-accordion\" data-id=\"e3eabdc\" data-element_type=\"widget\" data-e-type=\"widget\" data-settings=\"{&quot;_animation&quot;:&quot;fadeInUp&quot;,&quot;_animation_delay&quot;:&quot;200&quot;,&quot;n_accordion_animation_duration&quot;:{&quot;unit&quot;:&quot;ms&quot;,&quot;size&quot;:200,&quot;sizes&quot;:[]},&quot;default_state&quot;:&quot;expanded&quot;,&quot;max_items_expended&quot;:&quot;one&quot;}\" data-widget_type=\"nested-accordion.default\">\n\t\t\t\t<div class=\"elementor-widget-container\">\n\t\t\t\t\t\t\t<div class=\"e-n-accordion\" aria-label=\"Akkordeon. \u00d6ffnen Sie Links mit Enter oder Space, schlie\u00dfen Sie sie mit Escape und navigieren Sie mit den Pfeiltasten.\">\n\t\t\t\t\t\t<details id=\"e-n-accordion-item-2380\" class=\"e-n-accordion-item\" open>\n\t\t\t\t<summary class=\"e-n-accordion-item-title\" data-accordion-index=\"1\" tabindex=\"0\" aria-expanded=\"true\" aria-controls=\"e-n-accordion-item-2380\" >\n\t\t\t\t\t<span class='e-n-accordion-item-title-header'><h4 class=\"e-n-accordion-item-title-text\"> Was Sie tun werden <\/h4><\/span>\n\t\t\t\t\t\t\t<span class='e-n-accordion-item-title-icon'>\n\t\t\t<span class='e-opened' ><i aria-hidden=\"true\" class=\"ti ti-minus\"><\/i><\/span>\n\t\t\t<span class='e-closed'><svg aria-hidden=\"true\" class=\"e-font-icon-svg e-fas-arrow-down\" viewbox=\"0 0 448 512\" xmlns=\"http:\/\/www.w3.org\/2000\/svg\"><path d=\"M413.1 222.5l22.2 22.2c9.4 9.4 9.4 24.6 0 33.9L241 473c-9.4 9.4-24.6 9.4-33.9 0L12.7 278.6c-9.4-9.4-9.4-24.6 0-33.9l22.2-22.2c9.5-9.5 25-9.3 34.3.4L184 343.4V56c0-13.3 10.7-24 24-24h32c13.3 0 24 10.7 24 24v287.4l114.8-120.5c9.3-9.8 24.8-10 34.3-.4z\"><\/path><\/svg><\/span>\n\t\t<\/span>\n\n\t\t\t\t\t\t<\/summary>\n\t\t\t\t<div role=\"region\" aria-labelledby=\"e-n-accordion-item-2380\" class=\"elementor-element elementor-element-8080d7d e-con-full e-flex e-con e-child\" data-id=\"8080d7d\" data-element_type=\"container\" data-e-type=\"container\" data-settings=\"{&quot;background_background&quot;:&quot;classic&quot;}\">\n\t\t\t\t<div class=\"elementor-element elementor-element-9b396c0 elementor-widget elementor-widget-text-editor\" data-id=\"9b396c0\" data-element_type=\"widget\" data-e-type=\"widget\" data-widget_type=\"text-editor.default\">\n\t\t\t\t<div class=\"elementor-widget-container\">\n\t\t\t\t\t\t\t\t\t<p>In dieser Rolle sind Sie verantwortlich f\u00fcr die aktive <strong>Erweiterung unseres Kundenstamms<\/strong>. Du identifizierst selbst <strong>neue Organisationen<\/strong>, n\u00e4hert euch ihnen und sorgt daf\u00fcr, dass ihr ins Gespr\u00e4ch kommt mit d<strong>der richtige Entscheider<\/strong>. Sie f\u00fchren Gespr\u00e4che und Demos, in denen Sie klarstellen, was Traffic Solvers tut und wo <strong>Der Wert liegt f\u00fcr den Kunden<\/strong>.<\/p><p>Sie \u00fcbersetzen den Bedarf des Kunden in eine konkrete Anwendung der Plattform und <strong>begleitet das Gespr\u00e4ch<\/strong> in Richtung einer Zusammenarbeit. Dabei r\u00e4umst du Einw\u00e4nde aus, steuerst auf Entscheidungsfindung hin und stellst sicher, dass <strong>Vereinbarungen werden klar festgehalten<\/strong>.<\/p><p>Sie sind verantwortlich f\u00fcr <strong>Der Abschluss des Gesch\u00e4fts<\/strong>. Sobald ein Kunde beginnt, \u00fcbernehmen wir das Beziehungsmanagement und die weitere Zusammenarbeit.<\/p>\t\t\t\t\t\t\t\t<\/div>\n\t\t\t\t<\/div>\n\t\t\t\t<\/div>\n\t\t\t\t\t<\/details>\n\t\t\t\t\t\t<details id=\"e-n-accordion-item-2381\" class=\"e-n-accordion-item\" >\n\t\t\t\t<summary class=\"e-n-accordion-item-title\" data-accordion-index=\"2\" tabindex=\"-1\" aria-expanded=\"false\" aria-controls=\"e-n-accordion-item-2381\" >\n\t\t\t\t\t<span class='e-n-accordion-item-title-header'><h4 class=\"e-n-accordion-item-title-text\"> Ihr Profil <\/h4><\/span>\n\t\t\t\t\t\t\t<span class='e-n-accordion-item-title-icon'>\n\t\t\t<span class='e-opened' ><i aria-hidden=\"true\" class=\"ti ti-minus\"><\/i><\/span>\n\t\t\t<span class='e-closed'><svg aria-hidden=\"true\" class=\"e-font-icon-svg e-fas-arrow-down\" viewbox=\"0 0 448 512\" xmlns=\"http:\/\/www.w3.org\/2000\/svg\"><path d=\"M413.1 222.5l22.2 22.2c9.4 9.4 9.4 24.6 0 33.9L241 473c-9.4 9.4-24.6 9.4-33.9 0L12.7 278.6c-9.4-9.4-9.4-24.6 0-33.9l22.2-22.2c9.5-9.5 25-9.3 34.3.4L184 343.4V56c0-13.3 10.7-24 24-24h32c13.3 0 24 10.7 24 24v287.4l114.8-120.5c9.3-9.8 24.8-10 34.3-.4z\"><\/path><\/svg><\/span>\n\t\t<\/span>\n\n\t\t\t\t\t\t<\/summary>\n\t\t\t\t<div role=\"region\" aria-labelledby=\"e-n-accordion-item-2381\" class=\"elementor-element elementor-element-dc63637 e-con-full e-flex e-con e-child\" data-id=\"dc63637\" data-element_type=\"container\" data-e-type=\"container\">\n\t\t\t\t<div class=\"elementor-element elementor-element-da48d82 elementor-widget elementor-widget-text-editor\" data-id=\"da48d82\" data-element_type=\"widget\" data-e-type=\"widget\" data-widget_type=\"text-editor.default\">\n\t\t\t\t<div class=\"elementor-widget-container\">\n\t\t\t\t\t\t\t\t\t<p data-start=\"1517\" data-end=\"1744\">Du hast <strong>Erfahrung mit B2B-Vertrieb oder High-Ticket-Verkauf<\/strong> und wei\u00dft, wie du Gespr\u00e4che in konkrete Auftr\u00e4ge umwandelt. Du f\u00fchlst dich <strong>bequem bei kalter Akquise<\/strong> Sie sind in der Lage zu <strong>eine Pipeline selbstst\u00e4ndig aufzubauen<\/strong> zu verwalten.<\/p><p data-start=\"1746\" data-end=\"1910\">Du arbeitest <strong>ergebnisorientiert<\/strong> en Sie \u00fcbernehmen die Verantwortung f\u00fcr Ihre eigenen Wege. Gleichzeitig arbeiten Sie <strong>sorgf\u00e4ltig<\/strong> und sorgt daf\u00fcr, dass Termine und Gesch\u00e4fte korrekt werden <strong>festgehalten<\/strong>.<\/p><p data-start=\"1912\" data-end=\"2091\">Affinit\u00e4t zu Technologie und sozialen Medien hilft, das Produkt schneller zu verinnerlichen, aber wichtiger ist, dass du <strong>scharf<\/strong> gebogen in Gespr\u00e4chen und <strong>Vertrauen<\/strong> Vertrauen aufzubauen bei Kunden.<\/p>\t\t\t\t\t\t\t\t<\/div>\n\t\t\t\t<\/div>\n\t\t\t\t<\/div>\n\t\t\t\t\t<\/details>\n\t\t\t\t\t\t<details id=\"e-n-accordion-item-2382\" class=\"e-n-accordion-item\" >\n\t\t\t\t<summary class=\"e-n-accordion-item-title\" data-accordion-index=\"3\" tabindex=\"-1\" aria-expanded=\"false\" aria-controls=\"e-n-accordion-item-2382\" >\n\t\t\t\t\t<span class='e-n-accordion-item-title-header'><h4 class=\"e-n-accordion-item-title-text\"> Was wir anbieten <\/h4><\/span>\n\t\t\t\t\t\t\t<span class='e-n-accordion-item-title-icon'>\n\t\t\t<span class='e-opened' ><i aria-hidden=\"true\" class=\"ti ti-minus\"><\/i><\/span>\n\t\t\t<span class='e-closed'><svg aria-hidden=\"true\" class=\"e-font-icon-svg e-fas-arrow-down\" viewbox=\"0 0 448 512\" xmlns=\"http:\/\/www.w3.org\/2000\/svg\"><path d=\"M413.1 222.5l22.2 22.2c9.4 9.4 9.4 24.6 0 33.9L241 473c-9.4 9.4-24.6 9.4-33.9 0L12.7 278.6c-9.4-9.4-9.4-24.6 0-33.9l22.2-22.2c9.5-9.5 25-9.3 34.3.4L184 343.4V56c0-13.3 10.7-24 24-24h32c13.3 0 24 10.7 24 24v287.4l114.8-120.5c9.3-9.8 24.8-10 34.3-.4z\"><\/path><\/svg><\/span>\n\t\t<\/span>\n\n\t\t\t\t\t\t<\/summary>\n\t\t\t\t<div role=\"region\" aria-labelledby=\"e-n-accordion-item-2382\" class=\"elementor-element elementor-element-c31fe08 e-con-full e-flex e-con e-child\" data-id=\"c31fe08\" data-element_type=\"container\" data-e-type=\"container\">\n\t\t\t\t<div class=\"elementor-element elementor-element-241b189 elementor-widget elementor-widget-text-editor\" data-id=\"241b189\" data-element_type=\"widget\" data-e-type=\"widget\" data-widget_type=\"text-editor.default\">\n\t\t\t\t<div class=\"elementor-widget-container\">\n\t\t\t\t\t\t\t\t\t<p data-start=\"2114\" data-end=\"2329\">Wir arbeiten zusammen an <strong>Basis des Aussendienstes<\/strong>, wobei du belohnt wirst <strong>pro abgeschlossener Vereinbarung<\/strong>. Es gibt keine feste Anstellung, aber <strong>volle Freiheit<\/strong> wie Sie Ihren Verkaufsprozess gestalten.<\/p><p data-start=\"2331\" data-end=\"2582\">Sie arbeiten mit einem konkreten und unterscheidbaren Produkt, das direkt f\u00fcr Kunden einsetzbar ist. Die Rollenverteilung ist klar: Sie konzentrieren sich auf das <strong>einholen<\/strong> von neuen Kunden und das <strong>Abschluss von Gesch\u00e4ften<\/strong>, wir sorgen f\u00fcr die Ausf\u00fchrung und weitere Zusammenarbeit.<\/p><p data-start=\"2584\" data-end=\"2677\">Dies gibt Ihnen den Raum, sich auf das zu konzentrieren, worin Sie gut sind: <strong>verkaufen und Ergebnis erzielen.<\/strong><\/p>\t\t\t\t\t\t\t\t<\/div>\n\t\t\t\t<\/div>\n\t\t\t\t<\/div>\n\t\t\t\t\t<\/details>\n\t\t\t\t\t<\/div>\n\t\t\t\t\t\t<\/div>\n\t\t\t\t<\/div>\n\t\t\t\t<\/div>\n\t\t\t\t\t<\/div>\n\t\t\t\t<\/div>\n\t\t\t\t<section class=\"elementor-section elementor-top-section elementor-element elementor-element-2d5b83b elementor-section-boxed elementor-section-height-default elementor-section-height-default\" data-id=\"2d5b83b\" data-element_type=\"section\" data-e-type=\"section\">\n\t\t\t\t\t\t<div class=\"elementor-container elementor-column-gap-default\">\n\t\t\t\t\t<div class=\"elementor-column elementor-col-100 elementor-top-column elementor-element elementor-element-49783c5\" data-id=\"49783c5\" data-element_type=\"column\" data-e-type=\"column\">\n\t\t\t<div class=\"elementor-widget-wrap elementor-element-populated\">\n\t\t\t\t\t\t<div class=\"elementor-element elementor-element-bea1e54 elementor-invisible elementor-widget elementor-widget-image\" data-id=\"bea1e54\" data-element_type=\"widget\" data-e-type=\"widget\" data-settings=\"{&quot;_animation&quot;:&quot;fadeInUp&quot;,&quot;_animation_delay&quot;:&quot;200&quot;}\" data-widget_type=\"image.default\">\n\t\t\t\t<div class=\"elementor-widget-container\">\n\t\t\t\t\t\t\t\t\t\t\t\t\t\t\t<img decoding=\"async\" width=\"7785\" height=\"1077\" src=\"https:\/\/trafficsolvers.nl\/wp-content\/uploads\/2025\/01\/Traffic-Solvers-logo.png\" class=\"attachment-full size-full wp-image-205\" alt=\"\" srcset=\"https:\/\/trafficsolvers.nl\/wp-content\/uploads\/2025\/01\/Traffic-Solvers-logo.png 7785w, https:\/\/trafficsolvers.nl\/wp-content\/uploads\/2025\/01\/Traffic-Solvers-logo-300x42.png 300w, https:\/\/trafficsolvers.nl\/wp-content\/uploads\/2025\/01\/Traffic-Solvers-logo-1024x142.png 1024w, https:\/\/trafficsolvers.nl\/wp-content\/uploads\/2025\/01\/Traffic-Solvers-logo-768x106.png 768w, https:\/\/trafficsolvers.nl\/wp-content\/uploads\/2025\/01\/Traffic-Solvers-logo-1536x212.png 1536w, https:\/\/trafficsolvers.nl\/wp-content\/uploads\/2025\/01\/Traffic-Solvers-logo-2048x283.png 2048w, https:\/\/trafficsolvers.nl\/wp-content\/uploads\/2025\/01\/Traffic-Solvers-logo-650x90.png 650w\" sizes=\"(max-width: 7785px) 100vw, 7785px\" \/>\t\t\t\t\t\t\t\t\t\t\t\t\t\t\t<\/div>\n\t\t\t\t<\/div>\n\t\t\t\t<div class=\"elementor-element elementor-element-b759927 elementor-invisible elementor-widget elementor-widget-heading\" data-id=\"b759927\" data-element_type=\"widget\" data-e-type=\"widget\" data-settings=\"{&quot;_animation&quot;:&quot;fadeInUp&quot;,&quot;_animation_delay&quot;:&quot;250&quot;}\" data-widget_type=\"heading.default\">\n\t\t\t\t<div class=\"elementor-widget-container\">\n\t\t\t\t\t<h2 class=\"elementor-heading-title elementor-size-default\">Sie fragen sich, ob das zu Ihnen passt?<\/h2>\t\t\t\t<\/div>\n\t\t\t\t<\/div>\n\t\t\t\t<div class=\"elementor-element elementor-element-b05c0f6 elementor-widget__width-initial elementor-widget-mobile__width-inherit elementor-invisible elementor-widget elementor-widget-text-editor\" data-id=\"b05c0f6\" data-element_type=\"widget\" data-e-type=\"widget\" data-settings=\"{&quot;_animation&quot;:&quot;fadeInUp&quot;,&quot;_animation_delay&quot;:&quot;300&quot;}\" data-widget_type=\"text-editor.default\">\n\t\t\t\t<div class=\"elementor-widget-container\">\n\t\t\t\t\t\t\t\t\t<p>Kontakt zu Fawad-Khan Bahadur.<br \/>\ud83d\udce9 Mail: <a href=\"mailto:fawad@trafficsolvers.com\">fawad@trafficsolvers.com<\/a><br \/>\ud83d\udcde Anruf oder App: <a href=\"tel:0615678710\">06 1567 8710<\/a><\/p>\t\t\t\t\t\t\t\t<\/div>\n\t\t\t\t<\/div>\n\t\t\t\t<div class=\"elementor-element elementor-element-610ab2a elementor-align-center elementor-widget__width-initial elementor-invisible elementor-widget elementor-widget-button\" data-id=\"610ab2a\" data-element_type=\"widget\" data-e-type=\"widget\" data-settings=\"{&quot;_animation&quot;:&quot;fadeInUp&quot;,&quot;_animation_delay&quot;:&quot;350&quot;}\" data-widget_type=\"button.default\">\n\t\t\t\t<div class=\"elementor-widget-container\">\n\t\t\t\t\t\t\t\t\t<div class=\"elementor-button-wrapper\">\n\t\t\t\t\t<a class=\"elementor-button elementor-button-link elementor-size-sm elementor-animation-float\" href=\"https:\/\/api.whatsapp.com\/send\/?phone=31615678710&#038;text=Hoi,+ik+heb+een+vraag+over+de+vacature+van+High+Ticket+Closer+bij+Traffic+Solvers\">\n\t\t\t\t\t\t<span class=\"elementor-button-content-wrapper\">\n\t\t\t\t\t\t\t\t\t<span class=\"elementor-button-text\">Eine WhatsApp senden<\/span>\n\t\t\t\t\t<\/span>\n\t\t\t\t\t<\/a>\n\t\t\t\t<\/div>\n\t\t\t\t\t\t\t\t<\/div>\n\t\t\t\t<\/div>\n\t\t\t\t\t<\/div>\n\t\t<\/div>\n\t\t\t\t\t<\/div>\n\t\t<\/section>\n\t\t\t\t<\/div>","protected":false},"excerpt":{"rendered":"<p>High Ticket Closer Nederland \/ Remote Met ons BaaS-platform zetten organisaties binnen enkele minuten hun eigen digitale campagnes live zetten rondom werkzaamheden [&hellip;]<\/p>\n","protected":false},"author":1,"featured_media":0,"parent":1180,"menu_order":0,"comment_status":"closed","ping_status":"closed","template":"","meta":{"content-type":"","footnotes":""},"class_list":["post-3129","page","type-page","status-publish","hentry"],"_links":{"self":[{"href":"https:\/\/trafficsolvers.nl\/de\/wp-json\/wp\/v2\/pages\/3129","targetHints":{"allow":["GET"]}}],"collection":[{"href":"https:\/\/trafficsolvers.nl\/de\/wp-json\/wp\/v2\/pages"}],"about":[{"href":"https:\/\/trafficsolvers.nl\/de\/wp-json\/wp\/v2\/types\/page"}],"author":[{"embeddable":true,"href":"https:\/\/trafficsolvers.nl\/de\/wp-json\/wp\/v2\/users\/1"}],"replies":[{"embeddable":true,"href":"https:\/\/trafficsolvers.nl\/de\/wp-json\/wp\/v2\/comments?post=3129"}],"version-history":[{"count":10,"href":"https:\/\/trafficsolvers.nl\/de\/wp-json\/wp\/v2\/pages\/3129\/revisions"}],"predecessor-version":[{"id":3160,"href":"https:\/\/trafficsolvers.nl\/de\/wp-json\/wp\/v2\/pages\/3129\/revisions\/3160"}],"up":[{"embeddable":true,"href":"https:\/\/trafficsolvers.nl\/de\/wp-json\/wp\/v2\/pages\/1180"}],"wp:attachment":[{"href":"https:\/\/trafficsolvers.nl\/de\/wp-json\/wp\/v2\/media?parent=3129"}],"curies":[{"name":"wp","href":"https:\/\/api.w.org\/{rel}","templated":true}]}}